{"id":124,"date":"2020-12-17T20:42:01","date_gmt":"2020-12-17T20:42:01","guid":{"rendered":"https:\/\/khm-partners.ch\/?page_id=124"},"modified":"2023-09-25T12:30:34","modified_gmt":"2023-09-25T12:30:34","slug":"publikationen","status":"publish","type":"page","link":"https:\/\/khm-partners.ch\/index.php\/publikationen\/","title":{"rendered":"Publikationen"},"content":{"rendered":"\t\t<div data-elementor-type=\"wp-page\" data-elementor-id=\"124\" class=\"elementor elementor-124\" data-elementor-post-type=\"page\">\n\t\t\t\t\t\t<section class=\"elementor-section elementor-top-section elementor-element elementor-element-ef5ee53 elementor-section-boxed elementor-section-height-default elementor-section-height-default\" data-id=\"ef5ee53\" data-element_type=\"section\" data-settings=\"{&quot;background_background&quot;:&quot;classic&quot;}\">\n\t\t\t\t\t\t<div class=\"elementor-container elementor-column-gap-default\">\n\t\t\t\t\t<div class=\"elementor-column elementor-col-100 elementor-top-column elementor-element elementor-element-381ba40\" data-id=\"381ba40\" data-element_type=\"column\">\n\t\t\t<div class=\"elementor-widget-wrap elementor-element-populated\">\n\t\t\t\t\t\t<div class=\"elementor-element elementor-element-63388f6 elementor-widget elementor-widget-heading\" data-id=\"63388f6\" data-element_type=\"widget\" data-widget_type=\"heading.default\">\n\t\t\t\t<div class=\"elementor-widget-container\">\n\t\t\t\t\t<h3 class=\"elementor-heading-title elementor-size-large\">Publikationen<\/h3>\t\t\t\t<\/div>\n\t\t\t\t<\/div>\n\t\t\t\t\t<\/div>\n\t\t<\/div>\n\t\t\t\t\t<\/div>\n\t\t<\/section>\n\t\t\t\t<section class=\"elementor-section elementor-top-section elementor-element elementor-element-cf38f99 elementor-section-boxed elementor-section-height-default elementor-section-height-default\" data-id=\"cf38f99\" data-element_type=\"section\">\n\t\t\t\t\t\t<div class=\"elementor-container elementor-column-gap-default\">\n\t\t\t\t\t<div class=\"elementor-column elementor-col-100 elementor-top-column elementor-element elementor-element-208a872\" data-id=\"208a872\" data-element_type=\"column\">\n\t\t\t<div class=\"elementor-widget-wrap elementor-element-populated\">\n\t\t\t\t\t\t<div class=\"elementor-element elementor-element-616155c elementor-widget elementor-widget-spacer\" data-id=\"616155c\" data-element_type=\"widget\" data-widget_type=\"spacer.default\">\n\t\t\t\t<div class=\"elementor-widget-container\">\n\t\t\t\t\t\t\t<div class=\"elementor-spacer\">\n\t\t\t<div class=\"elementor-spacer-inner\"><\/div>\n\t\t<\/div>\n\t\t\t\t\t\t<\/div>\n\t\t\t\t<\/div>\n\t\t\t\t\t<\/div>\n\t\t<\/div>\n\t\t\t\t\t<\/div>\n\t\t<\/section>\n\t\t\t\t<section class=\"elementor-section elementor-top-section elementor-element elementor-element-14b2367 elementor-section-boxed elementor-section-height-default elementor-section-height-default\" data-id=\"14b2367\" data-element_type=\"section\">\n\t\t\t\t\t\t<div class=\"elementor-container elementor-column-gap-extended\">\n\t\t\t\t\t<div class=\"elementor-column elementor-col-50 elementor-top-column elementor-element elementor-element-6de7111\" data-id=\"6de7111\" data-element_type=\"column\">\n\t\t\t<div class=\"elementor-widget-wrap elementor-element-populated\">\n\t\t\t\t\t\t<div class=\"elementor-element elementor-element-6b6f3c3 elementor-widget elementor-widget-heading\" data-id=\"6b6f3c3\" data-element_type=\"widget\" data-widget_type=\"heading.default\">\n\t\t\t\t<div class=\"elementor-widget-container\">\n\t\t\t\t\t<h2 class=\"elementor-heading-title elementor-size-large\">Martin Hess<\/h2>\t\t\t\t<\/div>\n\t\t\t\t<\/div>\n\t\t\t\t<div class=\"elementor-element elementor-element-a1a3036 khm-list elementor-widget elementor-widget-text-editor\" data-id=\"a1a3036\" data-element_type=\"widget\" data-widget_type=\"text-editor.default\">\n\t\t\t\t<div class=\"elementor-widget-container\">\n\t\t\t\t\t\t\t\t\t<h5>2021<\/h5><ul><li><span lang=\"DE-CH\">Kommentierung von Art. <\/span><span lang=\"en-CH\">Art<\/span><span lang=\"DE-CH\">.<\/span> <span lang=\"DE-CH\">2 Abs. 3 lit. b GwG <\/span><span lang=\"en-CH\">(<\/span><span lang=\"DE-CH\">Dienstleistungen f\u00fcr den Zahlungsverkehr)<\/span> <span lang=\"DE-CH\">zusammen <\/span><span lang=\"en-CH\">mit<\/span> <span lang=\"DE-CH\">My Chau Bachelard, in: Basler Kommentar zum Geldw\u00e4schereigesetz, 1. Auflage, Basel 2021<\/span><\/li><\/ul><h5>2018<\/h5><ul><li>Unautorisierte Zahlungen mit virtuellen W\u00e4hrungen, Co-Autor mit Stephanie Lienhard, in: Emmenegger S. (Hrsg.) Zahlungsverkehr, Basel 2018, S. 155 ff.<\/li><li>Zentrale Gegenpartei, Co-Autor mit Marco Strimer, in: St. Galler Handbuch zum Schweizer Finanzmarktrecht, Finanzmarktaufsicht und Finanzmarktinfrastrukturen, Z\u00fcrich\/St. Gallen 2018, S. 909 ff.<\/li><\/ul><h5>\u00a0<\/h5><h5>2017<\/h5><ul><li>\u00dcbertragung von Verm\u00f6genswerten auf der Blockchain, Darstellung der technischen Grundlagen und der \u00dcbertragungsformen de lege lata et ferenda, Co-Autor mit Stephanie Lienhard: in Jusletter vom 4. Dezember 2017<\/li><li>Cryptocurrencies, Blockchain, Handelspl\u00e4tze &amp; Co. \u2013 Digitalisierte Werte unter Schweizer Recht, Co-Autor mit Patrick Spielmann, in Kapitalmarkt \u2013 Recht und Transaktionen XII, S. 145 ff, Z\u00fcrich 2017<\/li><li>Mitherausgeber Kommentar zum Finanzmarktinfrastrukturgesetz FinfraG\/ Mitautor Kommentar zum Finanzmarktinfrastrukturgesetz FinfraG vor Art. 4 (Principles for Financial Market Infrastructures, N 55-234), Art. 54\/59 (Segregation zentrale Gegenpartei mit Eva K\u00fcnzi), 55 (Porting), 58 (Preisbekanntgabe), 69\/73 (Segregation Zentralverwahrer mit EVA K\u00fcnzi), 81-82 (Zahlungssysteme), 159 (\u00dcbergangsbestimmungen), Z\u00fcrich 2017<\/li><\/ul><h5>\u00a0<\/h5><h5>2015<\/h5><ul><li>Rechtl. Anforderungen an System-\/Datensicherheit u. Compliance f\u00fcr webbasierte u. mobile Zahlungen (Co-Autor zusammen mit Claudia Keller), in: Rechtliche Herausforderungen durch webbasierte und mobile Zahlungssysteme, ZIK Publikationen aus dem Zentrum f\u00fcr Informations- und Kommunikationsrecht der Universit\u00e4t Z\u00fcrich, 2015<\/li><\/ul><h5>\u00a0<\/h5><h5>2014<\/h5><ul><li>E-Geld, E- und M-Payments gem\u00e4ss Schweizer Recht Co-Autor zusammen mit Alexandra Weiss Voigt: in CLEARIT M\u00e4rz 2014<\/li><\/ul><h5>\u00a0<\/h5><h5>2013<\/h5><ul><li>Segregation and Porting: Two Special Features for Cleared Trades, published in CapLaw 4\/2013<\/li><li>Basler Kommentar zum Bankengesetz, 2. Auflage. 2013, Kommentierung der Artikel 16 (Depotwerte, zusammen mit Andrea Zbinden), 26 (Schutzmassnahmen), 27 (Systemschutz, zusammen mit Eva K\u00fcnzi Peditto) und 37d (Absonderung, zusammen Andrea Zbinden)<\/li><li>Commentary in German on Art. 9, 10, 11, 12 and 15 Federal Act on Intermediated Securities, Co-Author together with Andrea Zbinden, in Zobl\/Hess\/Schott, BEG Kommentar, Z\u00fcrich 2013<\/li><\/ul><h5>\u00a0<\/h5><h5>2011<\/h5><ul><li>The Regular Pledge on Intermediated Securities, Some Thoughts on the Creation of a Regular Pledge According to Art. 24 Federal Act on Intermediated Securities, co-author together with Andrea Zbinden, published in German in: GesKR 3\/2011<\/li><\/ul><h5>\u00a0<\/h5><h5>2010<\/h5><ul><li>Das Bucheffektengesetz aus der Optik des Kapitalmarktrechts, Co-Autor zusammen mit Katja St\u00f6ckli, in: Kapitalmarkttransaktionen V, Z\u00fcrich 2010, S. 65 ff.<\/li><li>Commentary on the Federal Intermediated Securities Act (FISA) and the Hage Securities Convention (HSC), Bern 2010, Commentaries on Art. 17 and 18 FISA together with Heidi S\u00e4gesser, Commentary on Art. 20 FISA<\/li><li>Bestellung von Sicherheiten an Bucheffekten, Co-Autor zusammen mit Katja St\u00f6ckli, in: SJZ 106 (2010) Nr. 7, S. 153 ff.<\/li><li>Das Bucheffektengesetz: Grundz\u00fcge und Missverst\u00e4ndnisse, Co-Autor zusammen mit Katja St\u00f6ckli, in: Anwaltsrevue 3\/2010, S. 115 ff.<\/li><\/ul><h5>\u00a0<\/h5><h5>2009<\/h5><ul><li>Euro-Zahlungen gem\u00e4ss den SEPA-Rulebooks, insbesondere die Haftung der Banken, in: Emmenegger S. (Hrsg.), Cross Border Banking, Bankrechtstagung 2009, Basel 2009<\/li><li>Euro-Zahlungen gem\u00e4ss den SEPA-Rulebooks durch Schweizer Finanzinstitute, Co-Autor zusammen mit Barbara Keiser, in: SZW 3\/2009, S. 153 ff.<\/li><\/ul><h5>\u00a0<\/h5><h5>2008<\/h5><ul><li>Das neue Bucheffektengesetz (BEG), Hinweise auf Grundlagen und praktische Auswirkungen, Co-Autor zusammen mit Alain Friedrich, in: GesKR 2\/2008,<br \/>S. 98 ff.<\/li><\/ul><h5>\u00a0<\/h5><h5>2006<\/h5><ul><li>Das Haager Wertpapier\u00fcbereinkommen, Co-Autor zusammen mit Daniel Girsberger, in: AJP 8\/2006, S. 992 ff.<\/li><li>Die Haftung der Banken f\u00fcr Kundendatendiebstahl, in: Emmenegger S. (Hrsg.) Bankhaftungsrecht, Basel 2006, S. 55 ff.<\/li><\/ul><h5>\u00a0<\/h5><h5>2005<\/h5><ul><li>Basler Kommentar zum Bankengesetz, Kommentierung der Artikel 16 (Depotwerte), 26 (Schutzmassnahmen), 27 (Systemschutz, zusammen mit Eva K\u00fcenzi) und 37d (Absonderung)<\/li><\/ul><h5>\u00a0<\/h5><h5>2004<\/h5><ul><li>Die zentrale Gegenpartei im Effektenhandel \u2013 rechtliche Aspekte des Clearing, in: AJP 6\/2004, S. 687 ff.<\/li><\/ul><h5>\u00a0<\/h5><h5>1999<\/h5><ul><li>Discussion of the protective measures available under Swiss law (attachment and provisional protective measure) with particular regard to the recognition and enforcement of an English Mareva (&#8222;freezing&#8220;) injunction in Switzerland in: SZW Swiss Review of Business Law 1999, pp. 166 ff., co-author together with Andr\u00e9 Bloch<\/li><li>Enforcement of Bank Claims in Switzerland \u2013 Pledge, Set-off, and Immunity, in: Current Developments in Monetary and Financial Law, vol. 1 (Washington D.C.: International Monetary Fund, 1999), pp. 469 ff.<\/li><li>Zur Stellung des externen Verm\u00f6gensverwalters im Schweizer Finanzmarktrecht, in: AJP Aktuelle Juristische Praxis 11\/1999, S. 1426 ff.<\/li><\/ul><h5>\u00a0<\/h5><h5>1997<\/h5><ul><li>The New Stock Exchange Act, in: The International. Financial Law Review&#8217;s Capital Markets Yearbook 1997, pp. 56-64, co-author together with Urs Suter and Bettina Rudin<\/li><li>Switzerland: New Rules of Conduct for Securities Dealers, in: Butterworths Journal of International Banking and Financial Law 1997, pp. 479-485, co-author together with Alexander Wyss<\/li><li>Die rechtlichen Grundlagen des Netting, unter besonderer Ber\u00fccksichtigung des Close-out Netting (Art. 211 Abs. 2bis SchKG), in: AJP Aktuelle Juristische Praxis 10\/1997, S. 1219-1231, Co-Autor mit Alexander Wyss<\/li><\/ul><h5>1996<\/h5><ul><li>Bargeldlose \u00dcberweisung mit Hilfe von Interbankzahlungssystemen \u2013 Vertrauenshaftung im Zahlungsverkehrsrecht?, recht 4\/1996, S. 144-155<\/li><\/ul><h5>1995<\/h5><ul><li>Netting in Switzerland, in: Butterworths Journal of International Banking and<br \/>Financial Law 1995, pp. 310-315<\/li><\/ul><h5>1994<\/h5><ul><li>Switzerland, in: Payment Systems of the World, edited by R.C. Effros, New York \/ London \/ Rome 1994<\/li><li>Neuregelung des Eintrittrechts der Konkursverwaltung in zweiseitige Vertr\u00e4ge nach Art. 211 SchKG, Bericht des Bundesamtes f\u00fcr Justiz, verfasst von einer interdepartementalen Arbeitsgruppe unter dem Vorsitz von Martin Hess, Bundesblatt 1994 I, S. 1315 ff.<\/li><\/ul><h5>1991<\/h5><ul><li>Rechtliche Aspekte der Bank\u00fcberweisung unter besonderer Ber\u00fccksichtigung des Interbankzahlungsverkehrssystems Swiss Interbank Clearing (SIC), SZW Schweizerische Zeitschrift f\u00fcr Wirtschaftsrecht 3\/1991, S. 101-116<\/li><\/ul><h5>1988<\/h5><ul><li>Die Rechtsgrundlagen des Swiss Interbank Clearing (SIC), in: Wirtschaft und Recht 1\/1988, S. 31-49<\/li><\/ul><h5>1985<\/h5><ul><li>Die Anwendbarkeit des humanit\u00e4ren V\u00f6lkerrechts, insbesondere in gemischten Konflikten \u2013 Eine Untersuchung der Anwendbarkeit der Genfer und Haager Konventionen anhand der Konflikte in Afghanistan, Angola, Kampuchea, im Libanon und im Tschad, in: Schweizer Studien zum Internationalen Recht, Band 39, Z\u00fcrich (Schulthess) 1985<\/li><\/ul>\t\t\t\t\t\t\t\t<\/div>\n\t\t\t\t<\/div>\n\t\t\t\t\t<\/div>\n\t\t<\/div>\n\t\t\t\t<div class=\"elementor-column elementor-col-50 elementor-top-column elementor-element elementor-element-b95db8c\" data-id=\"b95db8c\" data-element_type=\"column\">\n\t\t\t<div class=\"elementor-widget-wrap elementor-element-populated\">\n\t\t\t\t\t\t<div class=\"elementor-element elementor-element-4072eed elementor-widget elementor-widget-heading\" data-id=\"4072eed\" data-element_type=\"widget\" data-widget_type=\"heading.default\">\n\t\t\t\t<div class=\"elementor-widget-container\">\n\t\t\t\t\t<h2 class=\"elementor-heading-title elementor-size-large\">Eva K\u00fcnzi<\/h2>\t\t\t\t<\/div>\n\t\t\t\t<\/div>\n\t\t\t\t<div class=\"elementor-element elementor-element-5169735 khm-list elementor-widget elementor-widget-text-editor\" data-id=\"5169735\" data-element_type=\"widget\" data-widget_type=\"text-editor.default\">\n\t\t\t\t<div class=\"elementor-widget-container\">\n\t\t\t\t\t\t\t\t\t<h5>2017<\/h5><ul><li>Kommentierung von Art. 54\/59 FinfraG (Segregation zentrale Gegenpartei) zusammen mit Dr. Martin Hess, in: Rolf Sethe et al. (Hrsg.), Kommentar zum Finanzmarktinfrastrukturgesetz FinfraG, Z\u00fcrich: Schulthess 2017<\/li><\/ul><h5>\u00a0<\/h5><h5>2016<\/h5><ul><li>\u00a7 26 (Exploration) und \u00a7 28 (Anlagerichtlinien und Kundenweisungen), in: Handbuch der Verm\u00f6gensverwaltung, Sch\u00e4fer\/Sethe\/Lang, 2. Auflage, 2016<\/li><\/ul><h5>\u00a0<\/h5><h5>2013<\/h5><ul><li>Kommentierung von Art. 27 (Systemschutz) zusammen mit Dr. Martin Hess, in: Basler Kommentar zum Bundesgesetz \u00fcber die Banken und Sparkassen, 2. Auflage, Basel 2013<\/li><\/ul>\t\t\t\t\t\t\t\t<\/div>\n\t\t\t\t<\/div>\n\t\t\t\t<div class=\"elementor-element elementor-element-f7c4727 elementor-widget elementor-widget-spacer\" data-id=\"f7c4727\" data-element_type=\"widget\" data-widget_type=\"spacer.default\">\n\t\t\t\t<div class=\"elementor-widget-container\">\n\t\t\t\t\t\t\t<div class=\"elementor-spacer\">\n\t\t\t<div class=\"elementor-spacer-inner\"><\/div>\n\t\t<\/div>\n\t\t\t\t\t\t<\/div>\n\t\t\t\t<\/div>\n\t\t\t\t<div class=\"elementor-element elementor-element-4573b33 elementor-widget elementor-widget-heading\" data-id=\"4573b33\" data-element_type=\"widget\" data-widget_type=\"heading.default\">\n\t\t\t\t<div class=\"elementor-widget-container\">\n\t\t\t\t\t<h2 class=\"elementor-heading-title elementor-size-large\">Jillian MacNab<\/h2>\t\t\t\t<\/div>\n\t\t\t\t<\/div>\n\t\t\t\t<div class=\"elementor-element elementor-element-6e151a0 khm-list elementor-widget elementor-widget-text-editor\" data-id=\"6e151a0\" data-element_type=\"widget\" data-widget_type=\"text-editor.default\">\n\t\t\t\t<div class=\"elementor-widget-container\">\n\t\t\t\t\t\t\t\t\t<h5>2016<\/h5><ul><li>\u00a7 30 (Verg\u00fctung und Zuwendungen), in: Handbuch der Verm\u00f6gensverwaltung, Sch\u00e4fer\/Sethe\/Lang, 2. Auflage, 2016<\/li><\/ul>\t\t\t\t\t\t\t\t<\/div>\n\t\t\t\t<\/div>\n\t\t\t\t<div class=\"elementor-element elementor-element-ba2a3b4 elementor-widget elementor-widget-spacer\" data-id=\"ba2a3b4\" data-element_type=\"widget\" data-widget_type=\"spacer.default\">\n\t\t\t\t<div class=\"elementor-widget-container\">\n\t\t\t\t\t\t\t<div class=\"elementor-spacer\">\n\t\t\t<div class=\"elementor-spacer-inner\"><\/div>\n\t\t<\/div>\n\t\t\t\t\t\t<\/div>\n\t\t\t\t<\/div>\n\t\t\t\t<div class=\"elementor-element elementor-element-b76ae9a elementor-widget elementor-widget-heading\" data-id=\"b76ae9a\" data-element_type=\"widget\" data-widget_type=\"heading.default\">\n\t\t\t\t<div class=\"elementor-widget-container\">\n\t\t\t\t\t<h2 class=\"elementor-heading-title elementor-size-large\">My Chau Bachelard<\/h2>\t\t\t\t<\/div>\n\t\t\t\t<\/div>\n\t\t\t\t<div class=\"elementor-element elementor-element-1352e74 khm-list elementor-widget elementor-widget-text-editor\" data-id=\"1352e74\" data-element_type=\"widget\" data-widget_type=\"text-editor.default\">\n\t\t\t\t<div class=\"elementor-widget-container\">\n\t\t\t\t\t\t\t\t\t<h5>2021<\/h5><ul><li><span lang=\"DE-CH\">Kommentierung von Art. <\/span><span lang=\"en-CH\">Art<\/span><span lang=\"DE-CH\">.<\/span> <span lang=\"DE-CH\">2 Abs. 3 lit. b GwG <\/span><span lang=\"en-CH\">(<\/span><span lang=\"DE-CH\">Dienstleistungen f\u00fcr den Zahlungsverkehr)<\/span> <span lang=\"DE-CH\">zusammen <\/span><span lang=\"en-CH\">mit<\/span> <span lang=\"DE-CH\">Dr.<\/span> <span lang=\"DE-CH\">Martin Hess, in: Basler Kommentar zum Geldw\u00e4schereigesetz, 1. Auflage, Basel 2021<\/span><\/li><\/ul>\t\t\t\t\t\t\t\t<\/div>\n\t\t\t\t<\/div>\n\t\t\t\t\t<\/div>\n\t\t<\/div>\n\t\t\t\t\t<\/div>\n\t\t<\/section>\n\t\t\t\t<\/div>\n\t\t","protected":false},"excerpt":{"rendered":"<p>Publikationen Martin Hess 2021 Kommentierung von Art. Art. 2 Abs. 3 lit. b GwG (Dienstleistungen f\u00fcr den Zahlungsverkehr) zusammen mit My Chau Bachelard, in: Basler Kommentar zum Geldw\u00e4schereigesetz, 1. Auflage, Basel 2021 2018 Unautorisierte Zahlungen mit virtuellen W\u00e4hrungen, Co-Autor mit Stephanie Lienhard, in: Emmenegger S. (Hrsg.) Zahlungsverkehr, Basel 2018, S. 155 ff. Zentrale Gegenpartei, Co-Autor [&hellip;]<\/p>\n","protected":false},"author":2,"featured_media":0,"parent":0,"menu_order":0,"comment_status":"closed","ping_status":"closed","template":"","meta":{"footnotes":""},"class_list":["post-124","page","type-page","status-publish","hentry"],"_links":{"self":[{"href":"https:\/\/khm-partners.ch\/index.php\/wp-json\/wp\/v2\/pages\/124","targetHints":{"allow":["GET"]}}],"collection":[{"href":"https:\/\/khm-partners.ch\/index.php\/wp-json\/wp\/v2\/pages"}],"about":[{"href":"https:\/\/khm-partners.ch\/index.php\/wp-json\/wp\/v2\/types\/page"}],"author":[{"embeddable":true,"href":"https:\/\/khm-partners.ch\/index.php\/wp-json\/wp\/v2\/users\/2"}],"replies":[{"embeddable":true,"href":"https:\/\/khm-partners.ch\/index.php\/wp-json\/wp\/v2\/comments?post=124"}],"version-history":[{"count":52,"href":"https:\/\/khm-partners.ch\/index.php\/wp-json\/wp\/v2\/pages\/124\/revisions"}],"predecessor-version":[{"id":1145,"href":"https:\/\/khm-partners.ch\/index.php\/wp-json\/wp\/v2\/pages\/124\/revisions\/1145"}],"wp:attachment":[{"href":"https:\/\/khm-partners.ch\/index.php\/wp-json\/wp\/v2\/media?parent=124"}],"curies":[{"name":"wp","href":"https:\/\/api.w.org\/{rel}","templated":true}]}}