{"id":588,"date":"2020-12-18T22:39:04","date_gmt":"2020-12-18T22:39:04","guid":{"rendered":"https:\/\/khm-partners.ch\/?page_id=588"},"modified":"2023-11-22T13:15:47","modified_gmt":"2023-11-22T13:15:47","slug":"datenschutzerklaerung","status":"publish","type":"page","link":"https:\/\/khm-partners.ch\/index.php\/datenschutzerklaerung\/","title":{"rendered":"Datenschutzerkl\u00e4rung"},"content":{"rendered":"\t\t<div data-elementor-type=\"wp-page\" data-elementor-id=\"588\" class=\"elementor elementor-588\" data-elementor-post-type=\"page\">\n\t\t\t\t\t\t<section class=\"elementor-section elementor-top-section elementor-element elementor-element-08b42b2 elementor-section-boxed elementor-section-height-default elementor-section-height-default\" data-id=\"08b42b2\" data-element_type=\"section\" data-settings=\"{&quot;background_background&quot;:&quot;classic&quot;}\">\n\t\t\t\t\t\t<div class=\"elementor-container elementor-column-gap-default\">\n\t\t\t\t\t<div class=\"elementor-column elementor-col-100 elementor-top-column elementor-element elementor-element-cec6943\" data-id=\"cec6943\" data-element_type=\"column\">\n\t\t\t<div class=\"elementor-widget-wrap elementor-element-populated\">\n\t\t\t\t\t\t<div class=\"elementor-element elementor-element-ee610a5 elementor-widget elementor-widget-heading\" data-id=\"ee610a5\" data-element_type=\"widget\" data-widget_type=\"heading.default\">\n\t\t\t\t<div class=\"elementor-widget-container\">\n\t\t\t\t\t<h3 class=\"elementor-heading-title elementor-size-large\">Datenschutzerkl\u00e4rung<\/h3>\t\t\t\t<\/div>\n\t\t\t\t<\/div>\n\t\t\t\t\t<\/div>\n\t\t<\/div>\n\t\t\t\t\t<\/div>\n\t\t<\/section>\n\t\t\t\t<section class=\"elementor-section elementor-top-section elementor-element elementor-element-facf8c0 elementor-section-boxed elementor-section-height-default elementor-section-height-default\" data-id=\"facf8c0\" data-element_type=\"section\">\n\t\t\t\t\t\t<div class=\"elementor-container elementor-column-gap-default\">\n\t\t\t\t\t<div class=\"elementor-column elementor-col-100 elementor-top-column elementor-element elementor-element-cd3768c\" data-id=\"cd3768c\" data-element_type=\"column\">\n\t\t\t<div class=\"elementor-widget-wrap elementor-element-populated\">\n\t\t\t\t\t\t<div class=\"elementor-element elementor-element-cca486c elementor-widget elementor-widget-text-editor\" data-id=\"cca486c\" data-element_type=\"widget\" data-widget_type=\"text-editor.default\">\n\t\t\t\t<div class=\"elementor-widget-container\">\n\t\t\t\t\t\t\t\t\t<p style=\"font-weight: 400;\">Wir, K\u00fcnzi Hess MacNab Rechtsanw\u00e4lte, nehmen den Datenschutz ernst und sch\u00fctzen die Personendaten, die wir im Rahmen unserer gesch\u00e4ftlichen T\u00e4tigkeit erheben oder erhalten. Wir bearbeiten Personendaten in \u00dcbereinstimmung mit dem schweizerischen Datenschutzgesetz und, wo anwendbar, der EU-Datenschutzgrundverordnung (DSGVO).<\/p><p style=\"font-weight: 400;\">In dieser Datenschutzerkl\u00e4rung erl\u00e4utern wir, wie wir mit Personendaten umgehen und welche Rechte Ihnen zustehen.<\/p><p style=\"font-weight: 400;\"><strong>\u00a0<\/strong><\/p><p style=\"font-weight: 400;\"><strong>Wer ist f\u00fcr Ihre Personendaten verantwortlich?<\/strong><\/p><p style=\"font-weight: 400;\">K\u00fcnzi Hess MacNab Rechtsanw\u00e4lte, Florastrasse, 47, 8008 Z\u00fcrich. Sie k\u00f6nnen sich daher jederzeit mit datenschutzrechtlichen Anliegen an uns wenden.<\/p><p style=\"font-weight: 400;\"><strong>\u00a0<\/strong><\/p><p style=\"font-weight: 400;\"><strong>Welche Daten werden erhoben?<\/strong><\/p><p style=\"font-weight: 400;\">Personendaten sind alle Informationen, die sich auf eine bestimmte oder bestimmbare Person beziehen.<\/p><p style=\"font-weight: 400;\">Insbesondere erheben wir die folgenden Informationen:<\/p><p style=\"font-weight: 400;\">(i) Wenn Sie unsere Website besuchen:<\/p><ul style=\"font-weight: 400;\"><li>die IP-Adresse des anfragenden Ger\u00e4tes (Rechner\/Computer\/Mobilger\u00e4t)<\/li><li>Datum und Uhrzeit des Zugriffs,<\/li><li>den Namen und die URL (Uniform Resource Locator) der abgerufenen Datei,<\/li><li>die Website, von der aus auf unsere Website zugegriffen wird (Referrer URL),<\/li><li>den verwendeten Browser und ggf. das Betriebssystem Ihres Ger\u00e4tes sowie den Namen Ihres Access-Providers.<\/li><\/ul><p style=\"font-weight: 400;\">\u00a0<\/p><p style=\"font-weight: 400;\">(ii) Wenn wir Informationen im Rahmen der Erbringung unserer professionellen Dienstleistung erheben:<\/p><ul style=\"font-weight: 400;\"><li>Ihren Namen und Kontaktinformationen, Informationen \u00fcber Ihr Unternehmen, \u00fcber Ihre Position, Ihren Titel und andere grundlegende Informationen;<\/li><li>Identifikations- und Hintergrundinformationen, die Sie uns mitteilen;<\/li><li>Informationen, die uns von oder im Namen unserer Kunden zur Verf\u00fcgung gestellt werden oder die wir im Rahmen unserer Dienstleistungen f\u00fcr Kunden erhalten oder erstellen;<\/li><li>Informationen, die uns zur Teilnahme an Sitzungen oder Veranstaltungen zur Verf\u00fcgung gestellt werden;<\/li><li>alle anderen Informationen \u00fcber Sie, die Sie uns zur Verf\u00fcgung stellen.<\/li><\/ul><p style=\"font-weight: 400;\">\u00a0<\/p><p style=\"font-weight: 400;\"><strong>\u00a0<\/strong><\/p><p style=\"font-weight: 400;\"><strong>Wie erheben wir Personendaten?<\/strong><\/p><p style=\"font-weight: 400;\">Wir erhalten die Daten, wenn Sie unsere Website besuchen, direkt von Ihnen, unseren Kunden, anderen beteiligten Personen und deren jeweiligen Vertretern und Mitarbeitern. Wir k\u00f6nnen Personendaten auch von Dritten erhalten oder beschaffen, z. B. von Arbeitgebern, anderen Organisationen, mit denen Sie in Kontakt stehen, Aufsichtsbeh\u00f6rden, Regierungsstellen, Gerichten, anderen Anwaltskanzleien oder anderen Beratern. Wir erhalten auch Personendaten aus \u00f6ffentlich zug\u00e4nglichen Quellen.<\/p><p style=\"font-weight: 400;\"><strong>\u00a0<\/strong><\/p><p style=\"font-weight: 400;\"><strong>Zu welchem Zweck und auf welcher Grundlage werden Personendaten verarbeitet?<\/strong><\/p><p style=\"font-weight: 400;\">Wir verarbeiten Ihre Personendaten in \u00dcbereinstimmung mit dem schweizerischen Datenschutzgesetz und, soweit anwendbar, der EU-Datenschutzgrundverordnung (DSGVO).<\/p><p style=\"font-weight: 400;\">Wir verarbeiten Personendaten f\u00fcr die folgenden Zwecke:<\/p><ul style=\"font-weight: 400;\"><li>um mit Ihnen zu kommunizieren;<\/li><li>um Ihnen und unseren Kunden Dienstleistungen zu erbringen und diese zu verbessern, wobei wir Personendaten von Dritten verwenden, die Sie uns zur Verf\u00fcgung stellen oder die wir im Auftrag unserer Kunden erheben;<\/li><li>um die Verwaltung der Personendaten im Zusammenhang mit der Erbringung von Dienstleistungen durch uns f\u00fcr Sie und unsere Kunden sicherzustellen;<\/li><li>um Marketing und Werbung f\u00fcr die von uns erbrachten Dienstleistungen zu erbringen, einschliesslich der Zusendung von Einladungen zu Veranstaltungen, von Ver\u00f6ffentlichungen und Informationen \u00fcber unsere Dienstleistungen (sofern Sie sich nicht dagegen entschieden haben, was Sie jederzeit tun k\u00f6nnen);<\/li><li>um unsere Website zu pflegen, bereitzustellen und zu verbessern, basierend auf der Analyse der Nutzung;<\/li><li>um Konflikt- und Reputationspr\u00fcfungen durchzuf\u00fchren;<\/li><li>um unseren rechtlichen und regulatorischen Verpflichtungen nachzukommen, einschliesslich der Durchsetzung und Abwehr von Rechtsanspr\u00fcchen.<\/li><\/ul><p style=\"font-weight: 400;\">\u00a0<\/p><p style=\"font-weight: 400;\">Wir verwenden die von uns erhobenen Personendaten in erster Linie zur Erbringung von Rechtsdienstleistungen f\u00fcr unsere Mandanten. Personendaten k\u00f6nnen auch verwendet werden, wenn wir zur Erf\u00fcllung unserer Vertr\u00e4ge mit Klienten Anw\u00e4lte oder Experten in der Schweiz oder im Ausland beiziehen oder wenn wir gesetzlichen Verpflichtungen in der Schweiz oder im Ausland nachkommen m\u00fcssen. In diesem Fall informieren wir unsere Klienten dar\u00fcber, in welches Land ihre pers\u00f6nlichen Daten weitergegeben werden. Wenn wir Daten in ein Land \u00fcbermitteln, das keinen angemessenen Datenschutz kennt, stellen wir durch entsprechende Vertr\u00e4ge ein angemessenes Schutzniveau sicher oder wir handeln auf der Grundlage folgender gesetzlicher Ausnahmen: Einwilligung, Vertragserf\u00fcllung, Feststellung, Geltendmachung oder Durchsetzung von Rechtsanspr\u00fcchen, \u00fcberwiegende \u00f6ffentliche Interessen, ver\u00f6ffentlichte Personendaten oder die Notwendigkeit, die Integrit\u00e4t der betroffenen Personen zu sch\u00fctzen.<\/p><p style=\"font-weight: 400;\">Grunds\u00e4tzlich verarbeiten wir nur Ihre Personendaten<\/p><ul style=\"font-weight: 400;\"><li>soweit es f\u00fcr die Durchf\u00fchrung des Mandates erforderlich ist,<\/li><li>zur Wahrung berechtigter Interessen, oder<\/li><li>auf der Grundlage einer Einwilligung.<\/li><\/ul><p style=\"font-weight: 400;\">\u00a0<\/p><p style=\"font-weight: 400;\">Wir verwenden die gesammelten Daten nicht zur automatisierten Entscheidungsfindung oder zum Profiling.<\/p><p style=\"font-weight: 400;\"><strong>\u00a0<\/strong><\/p><p style=\"font-weight: 400;\"><strong>Wie lange speichern wir Personendaten?<\/strong><\/p><p style=\"font-weight: 400;\">Personendaten werden so lange gespeichert, wie eine gesetzliche Aufbewahrungspflicht besteht. Dar\u00fcber hinaus werden Personendaten so lange gespeichert, wie es f\u00fcr den Zweck, f\u00fcr den sie erhoben wurden, erforderlich ist und wie ein berechtigtes Interesse an den Personendaten besteht, z.B. zur Durchsetzung oder Abwehr von Rechtsanspr\u00fcchen, zu Archivierungszwecken, zur IT-Sicherheit oder zur Pr\u00fcfung von Interessenkonflikten.<\/p><p style=\"font-weight: 400;\"><strong>\u00a0<\/strong><\/p><p style=\"font-weight: 400;\"><strong>An wen k\u00f6nnen Personendaten weitergegeben werden?<\/strong><\/p><p style=\"font-weight: 400;\">Wir k\u00f6nnen Ihre Personendaten an folgende vertrauensw\u00fcrdige Dritte weitergeben, um den in dieser Datenschutzrichtlinie beschriebenen Zweck zu erf\u00fcllen:<\/p><ul style=\"font-weight: 400;\"><li>Dienstleister, an die wir bestimmte Unterst\u00fctzungsleistungen f\u00fcr die KHM-Dienste auslagern (z. B. IT-Dienste und Buchhaltung);<\/li><li>Dritte, die wir mit vorheriger Zustimmung unserer Mandanten zur Erbringung unserer Dienstleistungen einsetzen (z.B. Anwaltskanzleien f\u00fcr Teilabkl\u00e4rungen, Technologieanbieter f\u00fcr die Bereitstellung eines Datenraums, \u00dcbersetzungsb\u00fcros);<\/li><li>Die Wirtschaftspr\u00fcfer der KHM;<\/li><li>Dritte, die an der Durchf\u00fchrung oder Organisation von Veranstaltungen beteiligt sind (z.B. Anbieter von Konferenzr\u00e4umen).<\/li><\/ul><p style=\"font-weight: 400;\">\u00a0<\/p><p style=\"font-weight: 400;\">Zu den in dieser Datenschutzrichtlinie genannten Zwecken und wenn dies erforderlich erscheint, k\u00f6nnen wir, soweit gesetzlich zul\u00e4ssig, Personendaten an Gerichte, Strafverfolgungsbeh\u00f6rden und andere Beh\u00f6rden weitergeben. Personendaten k\u00f6nnen auch an Dritte weitergegeben werden, wenn dies zur Einhaltung gesetzlicher oder beh\u00f6rdlicher Vorschriften erforderlich ist.<\/p><p style=\"font-weight: 400;\">Wir nutzen die folgenden Google-Dienste:<\/p><ul style=\"font-weight: 400;\"><li>Google Fonts<\/li><li>Google Maps<\/li><\/ul><p style=\"font-weight: 400;\">\u00a0<\/p><p style=\"font-weight: 400;\">Um unsere Inhalte browser\u00fcbergreifend korrekt und grafisch ansprechend darzustellen, verwenden wir auf unserer Website zur Darstellung von Schriften die Skript- und Schriftbibliotheken Google Fonts API. Google Fonts werden in Ihrem \u00dcbertragungsbrowser zwischengespeichert. Wenn Ihr Browser Google Fonts nicht unterst\u00fctzt oder den Zugriff verhindert, wird der Inhalt in einer Standardschrift angezeigt. Der Aufruf von Skript- oder Schriftbibliotheken l\u00f6st automatisch eine Verbindung zum Betreiber der Bibliothek aus. Es ist theoretisch m\u00f6glich, dass der Betreiber in diesem Fall Google-Daten sammelt.<\/p><p style=\"font-weight: 400;\">Wir erheben keine Personendaten durch die Einbindung von Google Fonts. Weitere Informationen zu Google Fonts finden Sie in den h\u00e4ufig gestellten Fragen https:\/\/developers.google.com\/fonts\/faq\/privacy und in den Datenschutzbestimmungen von Google: https:\/\/policies.google.com\/privacy?hl=en-ch.<\/p><p style=\"font-weight: 400;\">Sie k\u00f6nnen der Datenverarbeitung durch Google Fonts widersprechen, indem Sie JavaScript in Ihrem Browser deaktivieren oder einen JavaScript-Blocker installieren. Bitte beachten Sie, dass dies zu Funktionseinschr\u00e4nkungen auf der Website f\u00fchren kann.<\/p><p style=\"font-weight: 400;\">Google Maps<\/p><p style=\"font-weight: 400;\">Wir verwenden auf unserer Website die Google Maps API f\u00fcr die visuelle Darstellung von geografischen Informationen (Karten). Durch die Nutzung von Google Maps werden Informationen \u00fcber die Nutzung unserer Website, einschliesslich Ihrer IP-Adresse, an einen Server von Google in den USA \u00fcbertragen und dort gespeichert. Sie k\u00f6nnen dieser Datenverarbeitung jederzeit durch Mitteilung an uns widersprechen.<\/p><p style=\"font-weight: 400;\">\u00a0Sie k\u00f6nnen Google Maps deaktivieren und die Daten\u00fcbertragung an Google verhindern, indem Sie JavaScript in Ihrem Browser deaktivieren oder einen JavaScript-Blocker installieren. Dies hat zur Folge, dass Sie die Kartenanzeige nicht nutzen k\u00f6nnen.<\/p><p style=\"font-weight: 400;\">Weitere Informationen \u00fcber die Erhebung, Verarbeitung und Nutzung Ihrer Daten durch Google und Ihre diesbez\u00fcglichen Rechte finden Sie in den Datenschutzbestimmungen von Google und Google Maps: policies.google.com\/privacy und google.com\/help\/terms_maps.<\/p><p style=\"font-weight: 400;\"><strong>\u00a0<\/strong><\/p><p style=\"font-weight: 400;\"><strong>Nutzung unserer Website, Kommunikation<\/strong><\/p><p style=\"font-weight: 400;\">Wenn Sie unsere Website aufrufen und nutzen, erfassen und speichern wir automatisch f\u00fcr einen begrenzten Zeitraum Log-Daten und ger\u00e4tespezifische Informationen. Wir verarbeiten diese Daten auf dieser Grundlage und soweit dies f\u00fcr den Betrieb, die Pflege und die Verbesserung unserer Webseiten erforderlich ist.<\/p><p style=\"font-weight: 400;\">Wir verwenden typischerweise Cookies und andere \u00e4hnliche Techniken, die Ihren Browser oder Ihr Ger\u00e4t identifizieren k\u00f6nnen. Ein Cookie ist eine kleine Datei, die von Ihrem Webbrowser an Ihren Computer gesendet oder automatisch auf Ihrem Computer oder Mobilger\u00e4t gespeichert wird, wenn Sie unsere Website besuchen.<\/p><p style=\"font-weight: 400;\">Sie k\u00f6nnen die Verwendung von Cookies ablehnen, indem Sie die entsprechenden Einstellungen in Ihrem Browser vornehmen. Bitte beachten Sie jedoch, dass dies die M\u00f6glichkeiten zur Nutzung unserer Website beeintr\u00e4chtigen kann. Weitere Informationen \u00fcber Cookies, einschliesslich der M\u00f6glichkeit, sie zu verwalten, abzulehnen oder zu l\u00f6schen, finden Sie unter\u00a0<a href=\"http:\/\/www.allaboutcookies.org\/\">www.allaboutcookies.org<\/a>.<\/p><p style=\"font-weight: 400;\">Wir k\u00f6nnen Ihren Namen und Ihre E-Mail-Adresse(n) verwenden, um Ver\u00f6ffentlichungen, Warnungen, Aktualisierungen, Einladungen zu Veranstaltungen und andere Informationen per E-Mail zu versenden, und werden Sie vorher um Ihre Zustimmung bitten, es sei denn, wir haben Ihre Kontaktdaten im Rahmen unserer Dienstleistungen erhalten und Sie haben den Erhalt solcher Marketingmitteilungen nicht abgelehnt. Wenn Sie keine Werbemitteilungen mehr von uns erhalten m\u00f6chten, k\u00f6nnen Sie sich jederzeit \u00fcber einen entsprechenden Link abmelden und die entsprechenden E-Mails abbestellen. Bitte beachten Sie, dass wir Personendaten aufbewahren, um zu \u00fcberpr\u00fcfen, ob Sie unsere E-Mails lesen oder ob Sie auf die entsprechenden darin enthaltenen Links klicken.<\/p><p style=\"font-weight: 400;\">Unsere Websites oder sozialen Medien k\u00f6nnen Links zu Websites Dritter enthalten, f\u00fcr die diese Datenschutzrichtlinie nicht gilt. Wenn Sie auf einen Link zu einer Drittseite klicken, werden Sie zu einer Seite weitergeleitet, die wir nicht kontrollieren. Wir sind nicht verantwortlich f\u00fcr die Datenschutzpraktiken auf den Websites Dritter. Wir empfehlen Ihnen, die Datenschutzrichtlinien dieser Websites sorgf\u00e4ltig zu lesen.<\/p><p style=\"font-weight: 400;\"><strong>\u00a0<\/strong><\/p><p style=\"font-weight: 400;\"><strong>Welche Rechte haben Sie?<\/strong><\/p><p style=\"font-weight: 400;\">Das Auskunftsrecht \u2013 Sie haben das Recht, von KHM Kopien Ihrer Personendaten zu verlangen. F\u00fcr diesen Service k\u00f6nnen wir Ihnen eine geringe Geb\u00fchr berechnen.<\/p><p style=\"font-weight: 400;\">Das Recht auf Berichtigung \u2013 Sie haben das Recht, vom KHM die Berichtigung von Daten zu verlangen, die Sie f\u00fcr unrichtig halten. Sie haben auch das Recht, uns aufzufordern, Informationen zu vervollst\u00e4ndigen, die Sie f\u00fcr unvollst\u00e4ndig halten.<\/p><p style=\"font-weight: 400;\">Das Recht auf Einschr\u00e4nkung der Verarbeitung \u2013 Sie haben das Recht zu verlangen, dass das KHM die Verarbeitung Ihrer Personendaten unter bestimmten Bedingungen einschr\u00e4nkt.<\/p><p style=\"font-weight: 400;\">Recht auf Widerspruch gegen die Verarbeitung \u2013 Sie haben das Recht, der Verarbeitung Ihrer Personendaten durch KHM unter bestimmten Bedingungen zu widersprechen.<\/p><p style=\"font-weight: 400;\">Recht auf Daten\u00fcbertragbarkeit \u2013 Sie haben das Recht zu verlangen, dass KHM die von uns erhobenen Daten unter bestimmten Voraussetzungen an eine andere Organisation oder direkt an Sie \u00fcbermittelt.<\/p><p style=\"font-weight: 400;\">Wenn Sie der Erhebung, Verarbeitung oder \u00dcbermittlung Ihrer Personendaten f\u00fcr einen bestimmten Zweck zugestimmt haben, k\u00f6nnen Sie Ihre Zustimmung f\u00fcr diese spezifische Verarbeitung jederzeit widerrufen. Sobald wir die Mitteilung erhalten haben, dass Sie Ihre Einwilligung zur\u00fcckziehen, werden wir Ihre Personendaten nicht mehr f\u00fcr diese speziellen Zwecke verarbeiten, es sei denn, wir haben ein anderes berechtigtes Interesse daran.<\/p><p style=\"font-weight: 400;\">Wenn Sie eine Anfrage stellen, haben wir einen Monat Zeit, Ihnen zu antworten.<\/p><p style=\"font-weight: 400;\">Bitte beachten Sie, dass die Gew\u00e4hrung dieser Rechte manchmal aus rechtlichen Gr\u00fcnden oder aufgrund von Datenschutzgesetzen abgelehnt oder eingeschr\u00e4nkt werden kann. Wir k\u00f6nnen die Erteilung von Ausk\u00fcnften verweigern, soweit das Datenschutzrecht oder andere Gesetze, insbesondere das Anwaltsgeheimnis, dies erlauben oder erfordern. Soweit gesetzlich vorgeschrieben oder zul\u00e4ssig, werden wir Sie \u00fcber die Gr\u00fcnde f\u00fcr unsere Entscheidung informieren.<\/p><p style=\"font-weight: 400;\">Sollten Sie der Meinung sein, dass wir Ihre Anfrage oder Ihr Anliegen nicht zu Ihrer Zufriedenheit bearbeitet haben oder Sie glauben, dass wir Ihre Daten nicht datenschutzkonform bearbeiten, k\u00f6nnen Sie sich an die zust\u00e4ndige Aufsichtsbeh\u00f6rde wenden; in der Schweiz ist dies der Eidgen\u00f6ssische Datenschutz- und \u00d6ffentlichkeitsbeauftragte.<\/p>\t\t\t\t\t\t\t\t<\/div>\n\t\t\t\t<\/div>\n\t\t\t\t\t<\/div>\n\t\t<\/div>\n\t\t\t\t\t<\/div>\n\t\t<\/section>\n\t\t\t\t<section class=\"elementor-section elementor-top-section elementor-element elementor-element-d509d70 elementor-section-boxed elementor-section-height-default elementor-section-height-default\" data-id=\"d509d70\" data-element_type=\"section\">\n\t\t\t\t\t\t<div class=\"elementor-container elementor-column-gap-default\">\n\t\t\t\t\t<div class=\"elementor-column elementor-col-100 elementor-top-column elementor-element elementor-element-f97d88b\" data-id=\"f97d88b\" data-element_type=\"column\">\n\t\t\t<div class=\"elementor-widget-wrap elementor-element-populated\">\n\t\t\t\t\t\t<div class=\"elementor-element elementor-element-a16dec7 elementor-widget elementor-widget-spacer\" data-id=\"a16dec7\" data-element_type=\"widget\" data-widget_type=\"spacer.default\">\n\t\t\t\t<div class=\"elementor-widget-container\">\n\t\t\t\t\t\t\t<div class=\"elementor-spacer\">\n\t\t\t<div class=\"elementor-spacer-inner\"><\/div>\n\t\t<\/div>\n\t\t\t\t\t\t<\/div>\n\t\t\t\t<\/div>\n\t\t\t\t\t<\/div>\n\t\t<\/div>\n\t\t\t\t\t<\/div>\n\t\t<\/section>\n\t\t\t\t<\/div>\n\t\t","protected":false},"excerpt":{"rendered":"<p>Datenschutzerkl\u00e4rung Wir, K\u00fcnzi Hess MacNab Rechtsanw\u00e4lte, nehmen den Datenschutz ernst und sch\u00fctzen die Personendaten, die wir im Rahmen unserer gesch\u00e4ftlichen T\u00e4tigkeit erheben oder erhalten. Wir bearbeiten Personendaten in \u00dcbereinstimmung mit dem schweizerischen Datenschutzgesetz und, wo anwendbar, der EU-Datenschutzgrundverordnung (DSGVO). In dieser Datenschutzerkl\u00e4rung erl\u00e4utern wir, wie wir mit Personendaten umgehen und welche Rechte Ihnen zustehen. \u00a0 [&hellip;]<\/p>\n","protected":false},"author":2,"featured_media":0,"parent":0,"menu_order":0,"comment_status":"closed","ping_status":"closed","template":"","meta":{"footnotes":""},"class_list":["post-588","page","type-page","status-publish","hentry"],"_links":{"self":[{"href":"https:\/\/khm-partners.ch\/index.php\/wp-json\/wp\/v2\/pages\/588","targetHints":{"allow":["GET"]}}],"collection":[{"href":"https:\/\/khm-partners.ch\/index.php\/wp-json\/wp\/v2\/pages"}],"about":[{"href":"https:\/\/khm-partners.ch\/index.php\/wp-json\/wp\/v2\/types\/page"}],"author":[{"embeddable":true,"href":"https:\/\/khm-partners.ch\/index.php\/wp-json\/wp\/v2\/users\/2"}],"replies":[{"embeddable":true,"href":"https:\/\/khm-partners.ch\/index.php\/wp-json\/wp\/v2\/comments?post=588"}],"version-history":[{"count":40,"href":"https:\/\/khm-partners.ch\/index.php\/wp-json\/wp\/v2\/pages\/588\/revisions"}],"predecessor-version":[{"id":1167,"href":"https:\/\/khm-partners.ch\/index.php\/wp-json\/wp\/v2\/pages\/588\/revisions\/1167"}],"wp:attachment":[{"href":"https:\/\/khm-partners.ch\/index.php\/wp-json\/wp\/v2\/media?parent=588"}],"curies":[{"name":"wp","href":"https:\/\/api.w.org\/{rel}","templated":true}]}}