{"id":901,"date":"2022-01-27T16:47:49","date_gmt":"2022-01-27T16:47:49","guid":{"rendered":"https:\/\/khm-partners.ch\/?page_id=901"},"modified":"2023-09-25T12:43:05","modified_gmt":"2023-09-25T12:43:05","slug":"rankings","status":"publish","type":"page","link":"https:\/\/khm-partners.ch\/index.php\/rankings\/","title":{"rendered":"Rankings"},"content":{"rendered":"\t\t<div data-elementor-type=\"wp-page\" data-elementor-id=\"901\" class=\"elementor elementor-901\" data-elementor-post-type=\"page\">\n\t\t\t\t\t\t<section class=\"elementor-section elementor-top-section elementor-element elementor-element-2a3350c5 elementor-section-boxed elementor-section-height-default elementor-section-height-default\" data-id=\"2a3350c5\" data-element_type=\"section\" data-settings=\"{&quot;background_background&quot;:&quot;classic&quot;}\">\n\t\t\t\t\t\t<div class=\"elementor-container elementor-column-gap-default\">\n\t\t\t\t\t<div class=\"elementor-column elementor-col-100 elementor-top-column elementor-element elementor-element-58be5f75\" data-id=\"58be5f75\" data-element_type=\"column\">\n\t\t\t<div class=\"elementor-widget-wrap elementor-element-populated\">\n\t\t\t\t\t\t<div class=\"elementor-element elementor-element-7df71cd3 elementor-widget elementor-widget-heading\" data-id=\"7df71cd3\" data-element_type=\"widget\" data-widget_type=\"heading.default\">\n\t\t\t\t<div class=\"elementor-widget-container\">\n\t\t\t\t\t<h3 class=\"elementor-heading-title elementor-size-large\">Rankings<\/h3>\t\t\t\t<\/div>\n\t\t\t\t<\/div>\n\t\t\t\t\t<\/div>\n\t\t<\/div>\n\t\t\t\t\t<\/div>\n\t\t<\/section>\n\t\t\t\t<section class=\"elementor-section elementor-top-section elementor-element elementor-element-7f206114 elementor-section-boxed elementor-section-height-default elementor-section-height-default\" data-id=\"7f206114\" data-element_type=\"section\">\n\t\t\t\t\t\t<div class=\"elementor-container elementor-column-gap-default\">\n\t\t\t\t\t<div class=\"elementor-column elementor-col-100 elementor-top-column elementor-element elementor-element-10ff2c07\" data-id=\"10ff2c07\" data-element_type=\"column\">\n\t\t\t<div class=\"elementor-widget-wrap elementor-element-populated\">\n\t\t\t\t\t\t<div class=\"elementor-element elementor-element-1dabd9b2 elementor-widget elementor-widget-spacer\" data-id=\"1dabd9b2\" data-element_type=\"widget\" data-widget_type=\"spacer.default\">\n\t\t\t\t<div class=\"elementor-widget-container\">\n\t\t\t\t\t\t\t<div class=\"elementor-spacer\">\n\t\t\t<div class=\"elementor-spacer-inner\"><\/div>\n\t\t<\/div>\n\t\t\t\t\t\t<\/div>\n\t\t\t\t<\/div>\n\t\t\t\t\t<\/div>\n\t\t<\/div>\n\t\t\t\t\t<\/div>\n\t\t<\/section>\n\t\t\t\t<section class=\"elementor-section elementor-top-section elementor-element elementor-element-80dc1be elementor-section-boxed elementor-section-height-default elementor-section-height-default\" data-id=\"80dc1be\" data-element_type=\"section\">\n\t\t\t\t\t\t<div class=\"elementor-container elementor-column-gap-default\">\n\t\t\t\t\t<div class=\"elementor-column elementor-col-100 elementor-top-column elementor-element elementor-element-c7a11cd\" data-id=\"c7a11cd\" data-element_type=\"column\">\n\t\t\t<div class=\"elementor-widget-wrap elementor-element-populated\">\n\t\t\t\t\t\t<div class=\"elementor-element elementor-element-e34f987 elementor-widget elementor-widget-heading\" data-id=\"e34f987\" data-element_type=\"widget\" data-widget_type=\"heading.default\">\n\t\t\t\t<div class=\"elementor-widget-container\">\n\t\t\t\t\t<h2 class=\"elementor-heading-title elementor-size-large\">K\u00fcnzi Hess MacNab Rechtsanw\u00e4lte<\/h2>\t\t\t\t<\/div>\n\t\t\t\t<\/div>\n\t\t\t\t<section class=\"elementor-section elementor-inner-section elementor-element elementor-element-430554d elementor-section-boxed elementor-section-height-default elementor-section-height-default\" data-id=\"430554d\" data-element_type=\"section\">\n\t\t\t\t\t\t<div class=\"elementor-container elementor-column-gap-default\">\n\t\t\t\t\t<div class=\"elementor-column elementor-col-33 elementor-inner-column elementor-element elementor-element-3f18c1e\" data-id=\"3f18c1e\" data-element_type=\"column\">\n\t\t\t<div class=\"elementor-widget-wrap elementor-element-populated\">\n\t\t\t\t\t\t<div class=\"elementor-element elementor-element-5cb6043 elementor-widget elementor-widget-image\" data-id=\"5cb6043\" data-element_type=\"widget\" data-widget_type=\"image.default\">\n\t\t\t\t<div class=\"elementor-widget-container\">\n\t\t\t\t\t\t\t\t\t\t\t\t\t\t\t<img decoding=\"async\" width=\"148\" height=\"214\" src=\"https:\/\/khm-partners.ch\/wp-content\/uploads\/2022\/04\/image001.jpg\" class=\"attachment-large size-large wp-image-959\" alt=\"\" \/>\t\t\t\t\t\t\t\t\t\t\t\t\t\t\t<\/div>\n\t\t\t\t<\/div>\n\t\t\t\t\t<\/div>\n\t\t<\/div>\n\t\t\t\t<div class=\"elementor-column elementor-col-66 elementor-inner-column elementor-element elementor-element-6d800a0\" data-id=\"6d800a0\" data-element_type=\"column\">\n\t\t\t<div class=\"elementor-widget-wrap elementor-element-populated\">\n\t\t\t\t\t\t<div class=\"elementor-element elementor-element-6099356 elementor-widget elementor-widget-text-editor\" data-id=\"6099356\" data-element_type=\"widget\" data-widget_type=\"text-editor.default\">\n\t\t\t\t<div class=\"elementor-widget-container\">\n\t\t\t\t\t\t\t\t\t<p>K\u00fcnzi Hess MacNab\u00a0is a partner-only boutique law firm that specialises in advising banks and financial service providers on regulations and civil and supervisory law. The \u2018<i>highly competent and experienced<\/i>\u2019\u00a0Martin Hess\u00a0and\u00a0My Chau Bachelard\u00a0who both joined from\u00a0Wenger Vieli Ltd\u00a0in late 2020, make up the \u2018<i>very efficient team<\/i>\u2018. The duo\u2019s expertise includes e-payment solutions, e-money, digital assets and crypto currencies.<\/p><p style=\"font-weight: 400;\"><strong>Other key lawyers:<br \/><\/strong>Martin Hess;\u00a0My Chau Bachelard<\/p>\t\t\t\t\t\t\t\t<\/div>\n\t\t\t\t<\/div>\n\t\t\t\t<div class=\"elementor-element elementor-element-d5dc994 khm-list elementor-widget elementor-widget-text-editor\" data-id=\"d5dc994\" data-element_type=\"widget\" data-widget_type=\"text-editor.default\">\n\t\t\t\t<div class=\"elementor-widget-container\">\n\t\t\t\t\t\t\t\t\t<h5>Testimonials<\/h5>\t\t\t\t\t\t\t\t<\/div>\n\t\t\t\t<\/div>\n\t\t\t\t<div class=\"elementor-element elementor-element-62f73fb elementor-blockquote--skin-border elementor-widget elementor-widget-blockquote\" data-id=\"62f73fb\" data-element_type=\"widget\" data-widget_type=\"blockquote.default\">\n\t\t\t\t<div class=\"elementor-widget-container\">\n\t\t\t\t\t\t\t<blockquote class=\"elementor-blockquote\">\n\t\t\t<p class=\"elementor-blockquote__content\">\n\t\t\t\t\u2018Small, very efficient team with very large know-how in the area of financial market laws.\u2019\t\t\t<\/p>\n\t\t\t\t\t<\/blockquote>\n\t\t\t\t\t\t<\/div>\n\t\t\t\t<\/div>\n\t\t\t\t<div class=\"elementor-element elementor-element-17bf960 elementor-blockquote--skin-border elementor-widget elementor-widget-blockquote\" data-id=\"17bf960\" data-element_type=\"widget\" data-widget_type=\"blockquote.default\">\n\t\t\t\t<div class=\"elementor-widget-container\">\n\t\t\t\t\t\t\t<blockquote class=\"elementor-blockquote\">\n\t\t\t<p class=\"elementor-blockquote__content\">\n\t\t\t\t\u2018The key services rest on trust and know-how. The firm just knows its field of expertise.\u2019\t\t\t<\/p>\n\t\t\t\t\t<\/blockquote>\n\t\t\t\t\t\t<\/div>\n\t\t\t\t<\/div>\n\t\t\t\t<div class=\"elementor-element elementor-element-7916817 elementor-blockquote--skin-border elementor-widget elementor-widget-blockquote\" data-id=\"7916817\" data-element_type=\"widget\" data-widget_type=\"blockquote.default\">\n\t\t\t\t<div class=\"elementor-widget-container\">\n\t\t\t\t\t\t\t<blockquote class=\"elementor-blockquote\">\n\t\t\t<p class=\"elementor-blockquote__content\">\n\t\t\t\t\u2018The team is highly competent and experienced in the regulatory aspects surrounding Swiss financial markets and especially in Fintech and emerging technologies such as DLT. Their ability to analyse and understand the client\u2019s needs are second to none.\u2019\t\t\t<\/p>\n\t\t\t\t\t\t\t<div class=\"e-q-footer\">\n\t\t\t\t\t\t\t\t\t\t\t<cite class=\"elementor-blockquote__author\">The Legal 500<\/cite>\n\t\t\t\t\t\t\t\t\t\t\t\t\t\t<\/div>\n\t\t\t\t\t<\/blockquote>\n\t\t\t\t\t\t<\/div>\n\t\t\t\t<\/div>\n\t\t\t\t\t<\/div>\n\t\t<\/div>\n\t\t\t\t\t<\/div>\n\t\t<\/section>\n\t\t\t\t<div class=\"elementor-element elementor-element-2976c13 elementor-widget elementor-widget-spacer\" data-id=\"2976c13\" data-element_type=\"widget\" data-widget_type=\"spacer.default\">\n\t\t\t\t<div class=\"elementor-widget-container\">\n\t\t\t\t\t\t\t<div class=\"elementor-spacer\">\n\t\t\t<div class=\"elementor-spacer-inner\"><\/div>\n\t\t<\/div>\n\t\t\t\t\t\t<\/div>\n\t\t\t\t<\/div>\n\t\t\t\t<section class=\"elementor-section elementor-inner-section elementor-element elementor-element-d75929c elementor-section-boxed elementor-section-height-default elementor-section-height-default\" data-id=\"d75929c\" data-element_type=\"section\">\n\t\t\t\t\t\t<div class=\"elementor-container elementor-column-gap-default\">\n\t\t\t\t\t<div class=\"elementor-column elementor-col-33 elementor-inner-column elementor-element elementor-element-0c18443\" data-id=\"0c18443\" data-element_type=\"column\">\n\t\t\t<div class=\"elementor-widget-wrap elementor-element-populated\">\n\t\t\t\t\t\t<div class=\"elementor-element elementor-element-15c2550 elementor-widget elementor-widget-image\" data-id=\"15c2550\" data-element_type=\"widget\" data-widget_type=\"image.default\">\n\t\t\t\t<div class=\"elementor-widget-container\">\n\t\t\t\t\t\t\t\t\t\t\t\t\t\t\t<img fetchpriority=\"high\" decoding=\"async\" width=\"800\" height=\"196\" src=\"https:\/\/khm-partners.ch\/wp-content\/uploads\/2022\/06\/IFLR1000_logo_k-e1656603930324-1024x251.png\" class=\"attachment-large size-large wp-image-1001\" alt=\"\" srcset=\"https:\/\/khm-partners.ch\/wp-content\/uploads\/2022\/06\/IFLR1000_logo_k-e1656603930324-1024x251.png 1024w, https:\/\/khm-partners.ch\/wp-content\/uploads\/2022\/06\/IFLR1000_logo_k-e1656603930324-300x74.png 300w, https:\/\/khm-partners.ch\/wp-content\/uploads\/2022\/06\/IFLR1000_logo_k-e1656603930324-768x189.png 768w, https:\/\/khm-partners.ch\/wp-content\/uploads\/2022\/06\/IFLR1000_logo_k-e1656603930324.png 1275w\" sizes=\"(max-width: 800px) 100vw, 800px\" \/>\t\t\t\t\t\t\t\t\t\t\t\t\t\t\t<\/div>\n\t\t\t\t<\/div>\n\t\t\t\t\t<\/div>\n\t\t<\/div>\n\t\t\t\t<div class=\"elementor-column elementor-col-66 elementor-inner-column elementor-element elementor-element-2eceab9\" data-id=\"2eceab9\" data-element_type=\"column\">\n\t\t\t<div class=\"elementor-widget-wrap elementor-element-populated\">\n\t\t\t\t\t\t<div class=\"elementor-element elementor-element-a857db0 elementor-widget elementor-widget-text-editor\" data-id=\"a857db0\" data-element_type=\"widget\" data-widget_type=\"text-editor.default\">\n\t\t\t\t<div class=\"elementor-widget-container\">\n\t\t\t\t\t\t\t\t\t<p>The guide to the world\u2019s leading financial and corporate law firms.<\/p>\t\t\t\t\t\t\t\t<\/div>\n\t\t\t\t<\/div>\n\t\t\t\t<div class=\"elementor-element elementor-element-4c965f3 khm-list elementor-widget elementor-widget-text-editor\" data-id=\"4c965f3\" data-element_type=\"widget\" data-widget_type=\"text-editor.default\">\n\t\t\t\t<div class=\"elementor-widget-container\">\n\t\t\t\t\t\t\t\t\t<p><a href=\"https:\/\/www.iflr1000.com\/Firm\/Kunzi-Hess-MacNab\/Profile\/48007#rankings\" target=\"_blank\" rel=\"noopener\">IFLR 1000-Ranking<\/a> K\u00fcnzi Hess MacNab<\/p>\t\t\t\t\t\t\t\t<\/div>\n\t\t\t\t<\/div>\n\t\t\t\t\t<\/div>\n\t\t<\/div>\n\t\t\t\t\t<\/div>\n\t\t<\/section>\n\t\t\t\t<div class=\"elementor-element elementor-element-5635dfd elementor-widget elementor-widget-spacer\" data-id=\"5635dfd\" data-element_type=\"widget\" data-widget_type=\"spacer.default\">\n\t\t\t\t<div class=\"elementor-widget-container\">\n\t\t\t\t\t\t\t<div class=\"elementor-spacer\">\n\t\t\t<div class=\"elementor-spacer-inner\"><\/div>\n\t\t<\/div>\n\t\t\t\t\t\t<\/div>\n\t\t\t\t<\/div>\n\t\t\t\t<div class=\"elementor-element elementor-element-b08e52f elementor-widget-divider--view-line elementor-widget elementor-widget-divider\" data-id=\"b08e52f\" data-element_type=\"widget\" data-widget_type=\"divider.default\">\n\t\t\t\t<div class=\"elementor-widget-container\">\n\t\t\t\t\t\t\t<div class=\"elementor-divider\">\n\t\t\t<span class=\"elementor-divider-separator\">\n\t\t\t\t\t\t<\/span>\n\t\t<\/div>\n\t\t\t\t\t\t<\/div>\n\t\t\t\t<\/div>\n\t\t\t\t<div class=\"elementor-element elementor-element-a62fc75 elementor-widget elementor-widget-spacer\" data-id=\"a62fc75\" data-element_type=\"widget\" data-widget_type=\"spacer.default\">\n\t\t\t\t<div class=\"elementor-widget-container\">\n\t\t\t\t\t\t\t<div class=\"elementor-spacer\">\n\t\t\t<div class=\"elementor-spacer-inner\"><\/div>\n\t\t<\/div>\n\t\t\t\t\t\t<\/div>\n\t\t\t\t<\/div>\n\t\t\t\t\t<\/div>\n\t\t<\/div>\n\t\t\t\t\t<\/div>\n\t\t<\/section>\n\t\t\t\t<section class=\"elementor-section elementor-top-section elementor-element elementor-element-212c3274 elementor-section-boxed elementor-section-height-default elementor-section-height-default\" data-id=\"212c3274\" data-element_type=\"section\">\n\t\t\t\t\t\t<div class=\"elementor-container elementor-column-gap-extended\">\n\t\t\t\t\t<div class=\"elementor-column elementor-col-50 elementor-top-column elementor-element elementor-element-5013dd5b\" data-id=\"5013dd5b\" data-element_type=\"column\">\n\t\t\t<div class=\"elementor-widget-wrap elementor-element-populated\">\n\t\t\t\t\t\t<div class=\"elementor-element elementor-element-5ea183f6 elementor-widget elementor-widget-heading\" data-id=\"5ea183f6\" data-element_type=\"widget\" data-widget_type=\"heading.default\">\n\t\t\t\t<div class=\"elementor-widget-container\">\n\t\t\t\t\t<h2 class=\"elementor-heading-title elementor-size-large\">Martin Hess<\/h2>\t\t\t\t<\/div>\n\t\t\t\t<\/div>\n\t\t\t\t<div class=\"elementor-element elementor-element-169388b khm-list elementor-widget elementor-widget-text-editor\" data-id=\"169388b\" data-element_type=\"widget\" data-widget_type=\"text-editor.default\">\n\t\t\t\t<div class=\"elementor-widget-container\">\n\t\t\t\t\t\t\t\t\t<h5>Chambers<\/h5><ul><li>2021, 2022, 2023 Fintech Top Ranked<\/li><\/ul><p><a href=\"https:\/\/chambers.com\/lawyer\/martin-hess-fintech-49:268702\" target=\"_blank\" rel=\"noopener\">https:\/\/chambers.com\/lawyer\/martin-hess-fintech-49:268702<\/a><\/p>\t\t\t\t\t\t\t\t<\/div>\n\t\t\t\t<\/div>\n\t\t\t\t<div class=\"elementor-element elementor-element-9a043af elementor-widget elementor-widget-theme-post-featured-image elementor-widget-image\" data-id=\"9a043af\" data-element_type=\"widget\" data-widget_type=\"theme-post-featured-image.default\">\n\t\t\t\t<div class=\"elementor-widget-container\">\n\t\t\t\t\t\t\t\t\t\t\t\t\t\t\t<img decoding=\"async\" src=\"https:\/\/khm-partners.ch\/wp-content\/uploads\/elementor\/thumbs\/23-Fintech-Hess-Martin-q58exivwv5gc60vo41jz52ll32pi7m8dyga0azkyg2.jpg\" title=\"23 Fintech Hess, Martin\" alt=\"23 Fintech Hess, Martin\" loading=\"lazy\" \/>\t\t\t\t\t\t\t\t\t\t\t\t\t\t\t<\/div>\n\t\t\t\t<\/div>\n\t\t\t\t<div class=\"elementor-element elementor-element-3506e2b khm-list elementor-widget elementor-widget-text-editor\" data-id=\"3506e2b\" data-element_type=\"widget\" data-widget_type=\"text-editor.default\">\n\t\t\t\t<div class=\"elementor-widget-container\">\n\t\t\t\t\t\t\t\t\t<ul>\n \t<li>Leading Individual 2022 and 2023 Fintech in Switzerland<\/li>\n<\/ul>\n<a href=\"https:\/\/www.legal500.com\/c\/switzerland\/fintech\/\" target=\"_blank\" rel=\"noopener\">https:\/\/www.legal500.com\/c\/switzerland\/fintech\/<\/a>\t\t\t\t\t\t\t\t<\/div>\n\t\t\t\t<\/div>\n\t\t\t\t<div class=\"elementor-element elementor-element-3dec3dd khm-list elementor-widget elementor-widget-text-editor\" data-id=\"3dec3dd\" data-element_type=\"widget\" data-widget_type=\"text-editor.default\">\n\t\t\t\t<div class=\"elementor-widget-container\">\n\t\t\t\t\t\t\t\t\t<h5>Legal 500<\/h5>\n<ul>\n \t<li>2022, 2023 Banking and Finance, Band 2<\/li>\n<\/ul>\n<a href=\"https:\/\/chambers.com\/lawyer\/martin-hess-global-2:268702\" target=\"_blank\" rel=\"noopener\">https:\/\/chambers.com\/lawyer\/martin-hess-global-2:268702<\/a>\t\t\t\t\t\t\t\t<\/div>\n\t\t\t\t<\/div>\n\t\t\t\t<div class=\"elementor-element elementor-element-3b89bf9 khm-list elementor-widget elementor-widget-text-editor\" data-id=\"3b89bf9\" data-element_type=\"widget\" data-widget_type=\"text-editor.default\">\n\t\t\t\t<div class=\"elementor-widget-container\">\n\t\t\t\t\t\t\t\t\t<h5><span lang=\"EN-US\">Who is Who Legal<\/span><\/h5><ul><li>Global Leader<br \/>Banking &#8211; Finance 2023,<br \/><span style=\"text-indent: -1em;\">Banking &#8211; Regulatory 2023,<br \/>Blockchain 2021, 2022, 2023,<br \/>Fintech &amp; Blockchain \u2013 Fintech 2021, 2022, 2023<\/span><\/li><li>National Leader<br \/>Switzerland &#8211; Banking 2022, 2021<\/li><\/ul><p><a href=\"https:\/\/whoswholegal.com\/search?q=martin+hess\" target=\"_blank\" rel=\"noopener\">https:\/\/whoswholegal.com\/search?q=martin+hess<\/a><\/p>\t\t\t\t\t\t\t\t<\/div>\n\t\t\t\t<\/div>\n\t\t\t\t<div class=\"elementor-element elementor-element-30751b1 elementor-widget-divider--view-line elementor-widget elementor-widget-divider\" data-id=\"30751b1\" data-element_type=\"widget\" data-widget_type=\"divider.default\">\n\t\t\t\t<div class=\"elementor-widget-container\">\n\t\t\t\t\t\t\t<div class=\"elementor-divider\">\n\t\t\t<span class=\"elementor-divider-separator\">\n\t\t\t\t\t\t<\/span>\n\t\t<\/div>\n\t\t\t\t\t\t<\/div>\n\t\t\t\t<\/div>\n\t\t\t\t\t<\/div>\n\t\t<\/div>\n\t\t\t\t<div class=\"elementor-column elementor-col-50 elementor-top-column elementor-element elementor-element-575659b7\" data-id=\"575659b7\" data-element_type=\"column\">\n\t\t\t<div class=\"elementor-widget-wrap elementor-element-populated\">\n\t\t\t\t\t\t<div class=\"elementor-element elementor-element-177302cf elementor-widget elementor-widget-heading\" data-id=\"177302cf\" data-element_type=\"widget\" data-widget_type=\"heading.default\">\n\t\t\t\t<div class=\"elementor-widget-container\">\n\t\t\t\t\t<h2 class=\"elementor-heading-title elementor-size-large\">Eva K\u00fcnzi<\/h2>\t\t\t\t<\/div>\n\t\t\t\t<\/div>\n\t\t\t\t<div class=\"elementor-element elementor-element-9a9bc12 khm-list elementor-widget elementor-widget-text-editor\" data-id=\"9a9bc12\" data-element_type=\"widget\" data-widget_type=\"text-editor.default\">\n\t\t\t\t<div class=\"elementor-widget-container\">\n\t\t\t\t\t\t\t\t\t<h5><span lang=\"EN-US\">Who is Who Legal<\/span><\/h5><p><span style=\"color: #aea599;\"><a style=\"color: #aea599;\" href=\"https:\/\/whoswholegal.com\/eva-kun\" target=\"_blank\" rel=\"noopener\">https:\/\/whoswholegal.com\/eva-kun<\/a><\/span><\/p>\t\t\t\t\t\t\t\t<\/div>\n\t\t\t\t<\/div>\n\t\t\t\t<div class=\"elementor-element elementor-element-7a577f1 khm-list elementor-widget elementor-widget-text-editor\" data-id=\"7a577f1\" data-element_type=\"widget\" data-widget_type=\"text-editor.default\">\n\t\t\t\t<div class=\"elementor-widget-container\">\n\t\t\t\t\t\t\t\t\t<h5>2021 Global Leader<\/h5><ul><li>Fintech<\/li><\/ul>\t\t\t\t\t\t\t\t<\/div>\n\t\t\t\t<\/div>\n\t\t\t\t<div class=\"elementor-element elementor-element-0de1fa3 elementor-blockquote--skin-border elementor-widget elementor-widget-blockquote\" data-id=\"0de1fa3\" data-element_type=\"widget\" data-widget_type=\"blockquote.default\">\n\t\t\t\t<div class=\"elementor-widget-container\">\n\t\t\t\t\t\t\t<blockquote class=\"elementor-blockquote\">\n\t\t\t<p class=\"elementor-blockquote__content\">\n\t\t\t\tEva K\u00fcnzi has \"the best market practice in Switzerland\" according to clients, who praise her \"deep legal knowhow\".\t\t\t<\/p>\n\t\t\t\t\t\t\t<div class=\"e-q-footer\">\n\t\t\t\t\t\t\t\t\t\t\t<cite class=\"elementor-blockquote__author\">WWL<\/cite>\n\t\t\t\t\t\t\t\t\t\t\t\t\t\t<\/div>\n\t\t\t\t\t<\/blockquote>\n\t\t\t\t\t\t<\/div>\n\t\t\t\t<\/div>\n\t\t\t\t<div class=\"elementor-element elementor-element-ed1ba30 elementor-widget-divider--view-line elementor-widget elementor-widget-divider\" data-id=\"ed1ba30\" data-element_type=\"widget\" data-widget_type=\"divider.default\">\n\t\t\t\t<div class=\"elementor-widget-container\">\n\t\t\t\t\t\t\t<div class=\"elementor-divider\">\n\t\t\t<span class=\"elementor-divider-separator\">\n\t\t\t\t\t\t<\/span>\n\t\t<\/div>\n\t\t\t\t\t\t<\/div>\n\t\t\t\t<\/div>\n\t\t\t\t<div class=\"elementor-element elementor-element-8b1ebf7 elementor-widget elementor-widget-heading\" data-id=\"8b1ebf7\" data-element_type=\"widget\" data-widget_type=\"heading.default\">\n\t\t\t\t<div class=\"elementor-widget-container\">\n\t\t\t\t\t<h2 class=\"elementor-heading-title elementor-size-large\">My Chau Bachelard<\/h2>\t\t\t\t<\/div>\n\t\t\t\t<\/div>\n\t\t\t\t<div class=\"elementor-element elementor-element-1d9412f khm-list elementor-widget elementor-widget-text-editor\" data-id=\"1d9412f\" data-element_type=\"widget\" data-widget_type=\"text-editor.default\">\n\t\t\t\t<div class=\"elementor-widget-container\">\n\t\t\t\t\t\t\t\t\t<h5>2023 Fintech<\/h5><ul><li>LEADING INDIVIDUALS<\/li><\/ul>\t\t\t\t\t\t\t\t<\/div>\n\t\t\t\t<\/div>\n\t\t\t\t<div class=\"elementor-element elementor-element-f7c78fa elementor-widget elementor-widget-theme-post-featured-image elementor-widget-image\" data-id=\"f7c78fa\" data-element_type=\"widget\" data-widget_type=\"theme-post-featured-image.default\">\n\t\t\t\t<div class=\"elementor-widget-container\">\n\t\t\t\t\t\t\t\t\t\t\t\t\t\t\t<img decoding=\"async\" src=\"https:\/\/khm-partners.ch\/wp-content\/uploads\/elementor\/thumbs\/23-Fintech-Bachelard-My-Chau-q58f16hbfyghbfkirmfqu5e490ow58qt4jlzhq5u98.jpg\" title=\"23 Fintech Bachelard, My Chau\" alt=\"23 Fintech Bachelard, My Chau\" loading=\"lazy\" \/>\t\t\t\t\t\t\t\t\t\t\t\t\t\t\t<\/div>\n\t\t\t\t<\/div>\n\t\t\t\t<div class=\"elementor-element elementor-element-cd78208 elementor-widget elementor-widget-spacer\" data-id=\"cd78208\" data-element_type=\"widget\" data-widget_type=\"spacer.default\">\n\t\t\t\t<div class=\"elementor-widget-container\">\n\t\t\t\t\t\t\t<div class=\"elementor-spacer\">\n\t\t\t<div class=\"elementor-spacer-inner\"><\/div>\n\t\t<\/div>\n\t\t\t\t\t\t<\/div>\n\t\t\t\t<\/div>\n\t\t\t\t<div class=\"elementor-element elementor-element-78eecb7 elementor-blockquote--skin-border elementor-widget elementor-widget-blockquote\" data-id=\"78eecb7\" data-element_type=\"widget\" data-widget_type=\"blockquote.default\">\n\t\t\t\t<div class=\"elementor-widget-container\">\n\t\t\t\t\t\t\t<blockquote class=\"elementor-blockquote\">\n\t\t\t<p class=\"elementor-blockquote__content\">\n\t\t\t\t\"She is a brilliant lawyer with a world-class legal\nknowledge of the DLT world.\"\t\t\t<\/p>\n\t\t\t\t\t\t\t<div class=\"e-q-footer\">\n\t\t\t\t\t\t\t\t\t\t\t<cite class=\"elementor-blockquote__author\">FinTech Legal: Blockchain &amp; Cryptocurrencies client FinTech<\/cite>\n\t\t\t\t\t\t\t\t\t\t\t\t\t\t<\/div>\n\t\t\t\t\t<\/blockquote>\n\t\t\t\t\t\t<\/div>\n\t\t\t\t<\/div>\n\t\t\t\t\t<\/div>\n\t\t<\/div>\n\t\t\t\t\t<\/div>\n\t\t<\/section>\n\t\t\t\t<\/div>\n\t\t","protected":false},"excerpt":{"rendered":"<p>Rankings K\u00fcnzi Hess MacNab Rechtsanw\u00e4lte K\u00fcnzi Hess MacNab\u00a0is a partner-only boutique law firm that specialises in advising banks and financial service providers on regulations and civil and supervisory law. The \u2018highly competent and experienced\u2019\u00a0Martin Hess\u00a0and\u00a0My Chau Bachelard\u00a0who both joined from\u00a0Wenger Vieli Ltd\u00a0in late 2020, make up the \u2018very efficient team\u2018. The duo\u2019s expertise includes e-payment [&hellip;]<\/p>\n","protected":false},"author":2,"featured_media":0,"parent":0,"menu_order":0,"comment_status":"closed","ping_status":"closed","template":"","meta":{"footnotes":""},"class_list":["post-901","page","type-page","status-publish","hentry"],"_links":{"self":[{"href":"https:\/\/khm-partners.ch\/index.php\/wp-json\/wp\/v2\/pages\/901","targetHints":{"allow":["GET"]}}],"collection":[{"href":"https:\/\/khm-partners.ch\/index.php\/wp-json\/wp\/v2\/pages"}],"about":[{"href":"https:\/\/khm-partners.ch\/index.php\/wp-json\/wp\/v2\/types\/page"}],"author":[{"embeddable":true,"href":"https:\/\/khm-partners.ch\/index.php\/wp-json\/wp\/v2\/users\/2"}],"replies":[{"embeddable":true,"href":"https:\/\/khm-partners.ch\/index.php\/wp-json\/wp\/v2\/comments?post=901"}],"version-history":[{"count":95,"href":"https:\/\/khm-partners.ch\/index.php\/wp-json\/wp\/v2\/pages\/901\/revisions"}],"predecessor-version":[{"id":1156,"href":"https:\/\/khm-partners.ch\/index.php\/wp-json\/wp\/v2\/pages\/901\/revisions\/1156"}],"wp:attachment":[{"href":"https:\/\/khm-partners.ch\/index.php\/wp-json\/wp\/v2\/media?parent=901"}],"curies":[{"name":"wp","href":"https:\/\/api.w.org\/{rel}","templated":true}]}}